{"id":804,"date":"2020-12-07T11:03:50","date_gmt":"2020-12-07T10:03:50","guid":{"rendered":"https:\/\/www.glia-meeting.eu\/2027\/?page_id=804"},"modified":"2025-04-29T09:29:51","modified_gmt":"2025-04-29T07:29:51","slug":"introductory-course","status":"publish","type":"page","link":"https:\/\/www.glia-meeting.eu\/2027\/introductory-course\/","title":{"rendered":"Introductory Course"},"content":{"rendered":"\t\t<div data-elementor-type=\"wp-post\" data-elementor-id=\"804\" class=\"elementor elementor-804\" data-elementor-post-type=\"page\">\n\t\t\t\t\t\t<section class=\"elementor-section elementor-top-section elementor-element elementor-element-e583c48 elementor-section-boxed ang-section-padding-initial elementor-section-height-default elementor-section-height-default elementor-repeater-item-none elementor-repeater-item-none_hover\" data-id=\"e583c48\" data-element_type=\"section\" data-e-type=\"section\">\n\t\t\t\t\t\t<div class=\"elementor-container elementor-column-gap-default\">\n\t\t\t\t\t<div class=\"elementor-column elementor-col-100 elementor-top-column elementor-element elementor-element-8e0282d elementor-repeater-item-none elementor-repeater-item-none_hover\" data-id=\"8e0282d\" data-element_type=\"column\" data-e-type=\"column\">\n\t\t\t<div class=\"elementor-widget-wrap elementor-element-populated\">\n\t\t\t\t\t\t<div class=\"elementor-element elementor-element-416a483 elementor-repeater-item-none elementor-repeater-item-none_hover elementor-widget elementor-widget-heading\" data-id=\"416a483\" data-element_type=\"widget\" data-e-type=\"widget\" data-widget_type=\"heading.default\">\n\t\t\t\t<div class=\"elementor-widget-container\">\n\t\t\t\t\t<h1 class=\"elementor-heading-title elementor-size-default\">Introductory Course on Glial Cell Biology <\/h1>\t\t\t\t<\/div>\n\t\t\t\t<\/div>\n\t\t\t\t<div class=\"elementor-element elementor-element-c01aa7e trenner elementor-widget-divider--view-line elementor-repeater-item-none elementor-repeater-item-none_hover elementor-widget elementor-widget-global elementor-global-391 elementor-widget-divider\" data-id=\"c01aa7e\" data-element_type=\"widget\" data-e-type=\"widget\" data-widget_type=\"divider.default\">\n\t\t\t\t<div class=\"elementor-widget-container\">\n\t\t\t\t\t\t\t<div class=\"elementor-divider\">\n\t\t\t<span class=\"elementor-divider-separator\">\n\t\t\t\t\t\t<\/span>\n\t\t<\/div>\n\t\t\t\t\t\t<\/div>\n\t\t\t\t<\/div>\n\t\t\t\t\t<\/div>\n\t\t<\/div>\n\t\t\t\t\t<\/div>\n\t\t<\/section>\n\t\t\t\t<section class=\"elementor-section elementor-top-section elementor-element elementor-element-6f7078a elementor-section-boxed ang-section-padding-initial elementor-section-height-default elementor-section-height-default elementor-repeater-item-none elementor-repeater-item-none_hover\" data-id=\"6f7078a\" data-element_type=\"section\" data-e-type=\"section\">\n\t\t\t\t\t\t<div class=\"elementor-container elementor-column-gap-default\">\n\t\t\t\t\t<div class=\"elementor-column elementor-col-100 elementor-top-column elementor-element elementor-element-4a44261 elementor-repeater-item-none elementor-repeater-item-none_hover\" data-id=\"4a44261\" data-element_type=\"column\" data-e-type=\"column\">\n\t\t\t<div class=\"elementor-widget-wrap elementor-element-populated\">\n\t\t\t\t\t\t<div class=\"elementor-element elementor-element-2fba94a elementor-repeater-item-none elementor-repeater-item-none_hover elementor-widget elementor-widget-text-editor\" data-id=\"2fba94a\" data-element_type=\"widget\" data-e-type=\"widget\" data-widget_type=\"text-editor.default\">\n\t\t\t\t<div class=\"elementor-widget-container\">\n\t\t\t\t\t\t\t\t\t<section class=\"elementor-section elementor-top-section elementor-element elementor-element-6994edf elementor-section-boxed ang-section-padding-initial elementor-section-height-default elementor-section-height-default\" data-id=\"6994edf\" data-element_type=\"section\"><div class=\"elementor-container elementor-column-gap-default\"><div class=\"elementor-row\"><div class=\"elementor-column elementor-col-100 elementor-top-column elementor-element elementor-element-9e50163\" data-id=\"9e50163\" data-element_type=\"column\"><div class=\"elementor-column-wrap elementor-element-populated\"><div class=\"elementor-widget-wrap\"><div class=\"elementor-element elementor-element-3c74f63 elementor-widget elementor-widget-text-editor\" data-id=\"3c74f63\" data-element_type=\"widget\" data-widget_type=\"text-editor.default\"><div class=\"elementor-widget-container\"><div class=\"elementor-text-editor elementor-clearfix\"><p>The Introductory Course on Glial Cell Biology is aiming at young researchers and researchers who are new in the field. The lectures will give a broad overview on the key aspects of glial cell biology.<\/p><p><strong>Supplementary <a href=\"https:\/\/www.glia-meeting.eu\/2027\/registration\/\" target=\"_blank\" rel=\"noopener\">registration<\/a> is required.<\/strong><\/p><\/div><\/div><\/div><\/div><\/div><\/div><\/div><\/div><\/section>\t\t\t\t\t\t\t\t<\/div>\n\t\t\t\t<\/div>\n\t\t\t\t<div class=\"elementor-element elementor-element-6933aae elementor-repeater-item-none elementor-repeater-item-none_hover elementor-widget elementor-widget-spacer\" data-id=\"6933aae\" data-element_type=\"widget\" data-e-type=\"widget\" data-widget_type=\"spacer.default\">\n\t\t\t\t<div class=\"elementor-widget-container\">\n\t\t\t\t\t\t\t<div class=\"elementor-spacer\">\n\t\t\t<div class=\"elementor-spacer-inner\"><\/div>\n\t\t<\/div>\n\t\t\t\t\t\t<\/div>\n\t\t\t\t<\/div>\n\t\t\t\t\t<\/div>\n\t\t<\/div>\n\t\t\t\t\t<\/div>\n\t\t<\/section>\n\t\t\t\t<section class=\"elementor-section elementor-top-section elementor-element elementor-element-785cbe7 elementor-section-boxed ang-section-padding-initial elementor-section-height-default elementor-section-height-default elementor-repeater-item-none elementor-repeater-item-none_hover\" data-id=\"785cbe7\" data-element_type=\"section\" data-e-type=\"section\">\n\t\t\t\t\t\t<div class=\"elementor-container elementor-column-gap-default\">\n\t\t\t\t\t<div class=\"elementor-column elementor-col-100 elementor-top-column elementor-element elementor-element-addece3 elementor-repeater-item-none elementor-repeater-item-none_hover\" data-id=\"addece3\" data-element_type=\"column\" data-e-type=\"column\">\n\t\t\t<div class=\"elementor-widget-wrap elementor-element-populated\">\n\t\t\t\t\t\t<div class=\"elementor-element elementor-element-75903cc elementor-repeater-item-none elementor-repeater-item-none_hover elementor-widget elementor-widget-text-editor\" data-id=\"75903cc\" data-element_type=\"widget\" data-e-type=\"widget\" data-widget_type=\"text-editor.default\">\n\t\t\t\t<div class=\"elementor-widget-container\">\n\t\t\t\t\t\t\t\t\t<section class=\"elementor-section elementor-top-section elementor-element elementor-element-6994edf elementor-section-boxed ang-section-padding-initial elementor-section-height-default elementor-section-height-default\" data-id=\"6994edf\" data-element_type=\"section\"><div class=\"elementor-container elementor-column-gap-default\"><div class=\"elementor-row\"><div class=\"elementor-column elementor-col-100 elementor-top-column elementor-element elementor-element-9e50163\" data-id=\"9e50163\" data-element_type=\"column\"><div class=\"elementor-column-wrap elementor-element-populated\"><div class=\"elementor-widget-wrap\"><div class=\"elementor-element elementor-element-3c74f63 elementor-widget elementor-widget-text-editor\" data-id=\"3c74f63\" data-element_type=\"widget\" data-widget_type=\"text-editor.default\"><div class=\"elementor-widget-container\"><div class=\"elementor-text-editor elementor-clearfix\"><p><strong>Programme (<span>Monday, July 7, 2025) <\/span><br \/><\/strong><\/p><ul><\/ul><p>9h \u2013 9h05. <strong>Introduction<br \/><\/strong><em>Pascale Durbec, IBDM, Marseille &amp; Olivier Pascual, INMG-MeLiS, Lyon<\/em><\/p><p>9h05 &#8211; 9h50. <strong>Evolution and development of glial cells<br \/><\/strong><em>Jean-Marie Mangin, Institut de Biologie Paris Seine, Paris<\/em><\/p><p>9h50-10h35. <strong>Functions of astrocytes in physiology and disease<br \/><\/strong><em>Lucile Ben Haim, Neuro-PSI, Saclay<\/em><\/p><p>Break<\/p><p>11h05-11h50. <strong>Oligodendrocytes functions in myelination and beyond<br \/><\/strong><em>Sarah Moyon, Institute of Neurophysiopathology, Marseille<\/em><\/p><p>11h50 -12h35.<strong> Microglia, partners of neurodevelopment and plasticity<br \/><\/strong><em>Anne Roumier, Institut du Fer \u00e0 Moulin, Paris<\/em><\/p><p>Break<\/p><p>13h35 &#8211; 14h20. <strong>Peripheral Glia: Schwann cell development, roles and diversity<br \/><\/strong><em>Yannick Poitelon, Albany Medical College, Albany, USA<\/em><\/p><p>14h20 &#8211; 14h50. <strong>Neuro-glial and neuro-vascular interactions<br \/><\/strong><em>Anne Cecile Boulay, Coll\u00e8ge de France, Paris<\/em><\/p><p>14h50 &#8211; 15h20. <strong>Glial cells in myelin plasticity and repair<br \/><\/strong><em>Anne Desmazieres, Institut du Cerveau &#8211; ICM, Paris<\/em><\/p><p>Break<\/p><p>15h50 \u2013 16h20. <strong>Transcriptomic tools to unravel heterogeneity and functional states of glial cells in neurodegenerative diseases<br \/><\/strong><em>H\u00e9l\u00e8ne Hirbec, Institut de G\u00e9nomique Fonctionnelle, Montpellier<\/em><\/p><p>16h20 \u2013 16h50. <strong>Brain borders take center stage: role of meningeal macrophages in neurocognition and neuroinflammation<br \/><\/strong><em>Rejane Rua, Centre d\u2019Immunologie de Marseille-Luminy, Marseille<\/em><\/p><p>16h50 \u2013 17h20 <strong>Computa<\/strong><strong>tional modeling of astrocytes<br \/><\/strong><em>Audrey Denizot, INRIA, Lyon<\/em><\/p><p>17h20 &#8211; 17h30 <strong>Conclusion remarks<br \/><\/strong><em>Brahim Nait Oumesmar, Institut du Cerveau &#8211; ICM, Paris<\/em><\/p><\/div><\/div><\/div><\/div><\/div><\/div><\/div><\/div><\/section>\t\t\t\t\t\t\t\t<\/div>\n\t\t\t\t<\/div>\n\t\t\t\t<div class=\"elementor-element elementor-element-20665c1 elementor-repeater-item-none elementor-repeater-item-none_hover elementor-widget elementor-widget-spacer\" data-id=\"20665c1\" data-element_type=\"widget\" data-e-type=\"widget\" data-widget_type=\"spacer.default\">\n\t\t\t\t<div class=\"elementor-widget-container\">\n\t\t\t\t\t\t\t<div class=\"elementor-spacer\">\n\t\t\t<div class=\"elementor-spacer-inner\"><\/div>\n\t\t<\/div>\n\t\t\t\t\t\t<\/div>\n\t\t\t\t<\/div>\n\t\t\t\t<div class=\"elementor-element elementor-element-17d2671 elementor-repeater-item-none elementor-repeater-item-none_hover elementor-widget elementor-widget-heading\" data-id=\"17d2671\" data-element_type=\"widget\" data-e-type=\"widget\" data-widget_type=\"heading.default\">\n\t\t\t\t<div class=\"elementor-widget-container\">\n\t\t\t\t\t<h2 class=\"elementor-heading-title elementor-size-default\">IC Social Event<\/h2>\t\t\t\t<\/div>\n\t\t\t\t<\/div>\n\t\t\t\t<div class=\"elementor-element elementor-element-84acceb elementor-repeater-item-none elementor-repeater-item-none_hover elementor-widget elementor-widget-text-editor\" data-id=\"84acceb\" data-element_type=\"widget\" data-e-type=\"widget\" data-widget_type=\"text-editor.default\">\n\t\t\t\t<div class=\"elementor-widget-container\">\n\t\t\t\t\t\t\t\t\t<section class=\"elementor-section elementor-top-section elementor-element elementor-element-6994edf elementor-section-boxed ang-section-padding-initial elementor-section-height-default elementor-section-height-default\" data-id=\"6994edf\" data-element_type=\"section\">\n<div class=\"elementor-container elementor-column-gap-default\">\n<div class=\"elementor-row\">\n<div class=\"elementor-column elementor-col-100 elementor-top-column elementor-element elementor-element-9e50163\" data-id=\"9e50163\" data-element_type=\"column\">\n<div class=\"elementor-column-wrap elementor-element-populated\">\n<div class=\"elementor-widget-wrap\">\n<div class=\"elementor-element elementor-element-3c74f63 elementor-widget elementor-widget-text-editor\" data-id=\"3c74f63\" data-element_type=\"widget\" data-widget_type=\"text-editor.default\">\n<div class=\"elementor-widget-container\">\n<div class=\"elementor-text-editor elementor-clearfix\"><span>The <\/span><span><a href=\"https:\/\/frenchglialcellclub.fr\/\"><span lang=\"EN-US\">French Glial Cell Club<\/span><\/a><\/span><span>is delighted to invite all participants of the Introductory Course to a special social event following the conclusion of the course on 7 July<\/span>. <\/div>\n<\/div>\n<\/div>\n<div>\n<p><span>This informal gathering is an excellent opportunity to meet fellow attendees, network with peers, and enjoy a relaxed evening in a convivial atmosphere. The event will be held at\u00a0<\/span><span><a href=\"https:\/\/www.lesberthom.com\/\"><span lang=\"EN-US\">Les Berthom<\/span><\/a><\/span><span>, a welcoming venue known for its selection of craft beers and warm ambiance. It is conveniently located in the heart of Marseille, on the picturesque Cours Estienne d\u2019Orves\u2014a lively, Italian-style square just a short walk from the Vieux-Port or Pr\u00e9fecture metro stations.<\/span><\/p>\n<p><span><b>Please note: The social event is exclusively open to participants of the Introductory Course. There is no charge to attend.<\/b><\/span><\/p>\n<p><span>To add the social event (and the Introductoy Course,\u00a0<\/span><span>if applicable<\/span><span>), please follow these steps:<\/span><\/p>\n<ul>\n<li><span>Use\u00a0<\/span><span><a href=\"https:\/\/kit-react.de\/portal\/init?mnemonic=GLIA2025-P\">this link<\/a><\/span><span>\u00a0to log in to your profile<\/span><\/li>\n<li><span>Click &#8220;Edit Registration \/\u00a0Add Bookings&#8221;<\/span><\/li>\n<li><span>Go to the second page and add the booking &#8211;&gt; next<\/span><\/li>\n<li><span>Click &#8220;Bindingly Register&#8221;<\/span><\/li>\n<\/ul>\n<\/div>\n<\/div>\n<\/div>\n<\/div>\n<\/div>\n<\/div>\n<\/section>\t\t\t\t\t\t\t\t<\/div>\n\t\t\t\t<\/div>\n\t\t\t\t\t<\/div>\n\t\t<\/div>\n\t\t\t\t\t<\/div>\n\t\t<\/section>\n\t\t\t\t<\/div>\n\t\t","protected":false},"excerpt":{"rendered":"<p>Introductory Course on Glial Cell Biology The Introductory Course on Glial Cell Biology is aiming at young researchers and researchers who are new in the field. The lectures will give a broad overview on the key aspects of glial cell biology. Supplementary registration is required. Programme (Monday, July 7, 2025) 9h \u2013 9h05. IntroductionPascale Durbec, [&hellip;]<\/p>\n","protected":false},"author":5,"featured_media":0,"parent":0,"menu_order":1,"comment_status":"closed","ping_status":"closed","template":"","meta":{"_acf_changed":false,"footnotes":""},"class_list":["post-804","page","type-page","status-publish","hentry"],"acf":[],"yoast_head":"<!-- This site is optimized with the Yoast SEO plugin v27.2 - https:\/\/yoast.com\/product\/yoast-seo-wordpress\/ -->\n<title>Introductory Course - GLIA 2027<\/title>\n<meta name=\"robots\" content=\"index, follow, max-snippet:-1, max-image-preview:large, max-video-preview:-1\" \/>\n<link rel=\"canonical\" href=\"https:\/\/www.glia-meeting.eu\/2027\/introductory-course\/\" \/>\n<meta property=\"og:locale\" content=\"en_US\" \/>\n<meta property=\"og:type\" content=\"article\" \/>\n<meta property=\"og:title\" content=\"Introductory Course - GLIA 2027\" \/>\n<meta property=\"og:description\" content=\"Introductory Course on Glial Cell Biology The Introductory Course on Glial Cell Biology is aiming at young researchers and researchers who are new in the field. The lectures will give a broad overview on the key aspects of glial cell biology. Supplementary registration is required. Programme (Monday, July 7, 2025) 9h \u2013 9h05. IntroductionPascale Durbec, [&hellip;]\" \/>\n<meta property=\"og:url\" content=\"https:\/\/www.glia-meeting.eu\/2027\/introductory-course\/\" \/>\n<meta property=\"og:site_name\" content=\"GLIA 2027\" \/>\n<meta property=\"article:modified_time\" content=\"2025-04-29T07:29:51+00:00\" \/>\n<meta name=\"twitter:card\" content=\"summary_large_image\" \/>\n<meta name=\"twitter:label1\" content=\"Est. reading time\" \/>\n\t<meta name=\"twitter:data1\" content=\"3 minutes\" \/>\n<script type=\"application\/ld+json\" class=\"yoast-schema-graph\">{\"@context\":\"https:\/\/schema.org\",\"@graph\":[{\"@type\":\"WebPage\",\"@id\":\"https:\/\/www.glia-meeting.eu\/2027\/introductory-course\/\",\"url\":\"https:\/\/www.glia-meeting.eu\/2027\/introductory-course\/\",\"name\":\"Introductory Course - GLIA 2027\",\"isPartOf\":{\"@id\":\"https:\/\/www.glia-meeting.eu\/2027\/#website\"},\"datePublished\":\"2020-12-07T10:03:50+00:00\",\"dateModified\":\"2025-04-29T07:29:51+00:00\",\"breadcrumb\":{\"@id\":\"https:\/\/www.glia-meeting.eu\/2027\/introductory-course\/#breadcrumb\"},\"inLanguage\":\"en-US\",\"potentialAction\":[{\"@type\":\"ReadAction\",\"target\":[\"https:\/\/www.glia-meeting.eu\/2027\/introductory-course\/\"]}]},{\"@type\":\"BreadcrumbList\",\"@id\":\"https:\/\/www.glia-meeting.eu\/2027\/introductory-course\/#breadcrumb\",\"itemListElement\":[{\"@type\":\"ListItem\",\"position\":1,\"name\":\"Startseite\",\"item\":\"https:\/\/www.glia-meeting.eu\/2027\/\"},{\"@type\":\"ListItem\",\"position\":2,\"name\":\"Introductory Course\"}]},{\"@type\":\"WebSite\",\"@id\":\"https:\/\/www.glia-meeting.eu\/2027\/#website\",\"url\":\"https:\/\/www.glia-meeting.eu\/2027\/\",\"name\":\"GLIA 2027\",\"description\":\"XVIII European Meeting on Glial Cells in Health and Disease, Bologna, 7 \u2013 10 July 2027\",\"potentialAction\":[{\"@type\":\"SearchAction\",\"target\":{\"@type\":\"EntryPoint\",\"urlTemplate\":\"https:\/\/www.glia-meeting.eu\/2027\/?s={search_term_string}\"},\"query-input\":{\"@type\":\"PropertyValueSpecification\",\"valueRequired\":true,\"valueName\":\"search_term_string\"}}],\"inLanguage\":\"en-US\"}]}<\/script>\n<!-- \/ Yoast SEO plugin. -->","yoast_head_json":{"title":"Introductory Course - GLIA 2027","robots":{"index":"index","follow":"follow","max-snippet":"max-snippet:-1","max-image-preview":"max-image-preview:large","max-video-preview":"max-video-preview:-1"},"canonical":"https:\/\/www.glia-meeting.eu\/2027\/introductory-course\/","og_locale":"en_US","og_type":"article","og_title":"Introductory Course - GLIA 2027","og_description":"Introductory Course on Glial Cell Biology The Introductory Course on Glial Cell Biology is aiming at young researchers and researchers who are new in the field. The lectures will give a broad overview on the key aspects of glial cell biology. Supplementary registration is required. Programme (Monday, July 7, 2025) 9h \u2013 9h05. IntroductionPascale Durbec, [&hellip;]","og_url":"https:\/\/www.glia-meeting.eu\/2027\/introductory-course\/","og_site_name":"GLIA 2027","article_modified_time":"2025-04-29T07:29:51+00:00","twitter_card":"summary_large_image","twitter_misc":{"Est. reading time":"3 minutes"},"schema":{"@context":"https:\/\/schema.org","@graph":[{"@type":"WebPage","@id":"https:\/\/www.glia-meeting.eu\/2027\/introductory-course\/","url":"https:\/\/www.glia-meeting.eu\/2027\/introductory-course\/","name":"Introductory Course - GLIA 2027","isPartOf":{"@id":"https:\/\/www.glia-meeting.eu\/2027\/#website"},"datePublished":"2020-12-07T10:03:50+00:00","dateModified":"2025-04-29T07:29:51+00:00","breadcrumb":{"@id":"https:\/\/www.glia-meeting.eu\/2027\/introductory-course\/#breadcrumb"},"inLanguage":"en-US","potentialAction":[{"@type":"ReadAction","target":["https:\/\/www.glia-meeting.eu\/2027\/introductory-course\/"]}]},{"@type":"BreadcrumbList","@id":"https:\/\/www.glia-meeting.eu\/2027\/introductory-course\/#breadcrumb","itemListElement":[{"@type":"ListItem","position":1,"name":"Startseite","item":"https:\/\/www.glia-meeting.eu\/2027\/"},{"@type":"ListItem","position":2,"name":"Introductory Course"}]},{"@type":"WebSite","@id":"https:\/\/www.glia-meeting.eu\/2027\/#website","url":"https:\/\/www.glia-meeting.eu\/2027\/","name":"GLIA 2027","description":"XVIII European Meeting on Glial Cells in Health and Disease, Bologna, 7 \u2013 10 July 2027","potentialAction":[{"@type":"SearchAction","target":{"@type":"EntryPoint","urlTemplate":"https:\/\/www.glia-meeting.eu\/2027\/?s={search_term_string}"},"query-input":{"@type":"PropertyValueSpecification","valueRequired":true,"valueName":"search_term_string"}}],"inLanguage":"en-US"}]}},"_links":{"self":[{"href":"https:\/\/www.glia-meeting.eu\/2027\/wp-json\/wp\/v2\/pages\/804","targetHints":{"allow":["GET"]}}],"collection":[{"href":"https:\/\/www.glia-meeting.eu\/2027\/wp-json\/wp\/v2\/pages"}],"about":[{"href":"https:\/\/www.glia-meeting.eu\/2027\/wp-json\/wp\/v2\/types\/page"}],"author":[{"embeddable":true,"href":"https:\/\/www.glia-meeting.eu\/2027\/wp-json\/wp\/v2\/users\/5"}],"replies":[{"embeddable":true,"href":"https:\/\/www.glia-meeting.eu\/2027\/wp-json\/wp\/v2\/comments?post=804"}],"version-history":[{"count":0,"href":"https:\/\/www.glia-meeting.eu\/2027\/wp-json\/wp\/v2\/pages\/804\/revisions"}],"wp:attachment":[{"href":"https:\/\/www.glia-meeting.eu\/2027\/wp-json\/wp\/v2\/media?parent=804"}],"curies":[{"name":"wp","href":"https:\/\/api.w.org\/{rel}","templated":true}]}}